{"id":2543,"date":"2023-02-14T09:54:13","date_gmt":"2023-02-14T07:54:13","guid":{"rendered":"https:\/\/www.nuracom.es\/politique-de-confidentialite\/"},"modified":"2025-04-28T10:31:49","modified_gmt":"2025-04-28T08:31:49","slug":"politique-de-confidentialite","status":"publish","type":"page","link":"https:\/\/www.nuracom.es\/fr\/politique-de-confidentialite\/","title":{"rendered":"Politique de confidentialit\u00e9"},"content":{"rendered":"\t\t<div data-elementor-type=\"wp-page\" data-elementor-id=\"2543\" class=\"elementor elementor-2543 elementor-3\" data-elementor-post-type=\"page\">\n\t\t\t\t<div class=\"elementor-element elementor-element-115d74c6 e-flex e-con-boxed e-con e-parent\" data-id=\"115d74c6\" data-element_type=\"container\" data-settings=\"{&quot;shape_divider_bottom&quot;:&quot;waves&quot;}\">\n\t\t\t\t\t<div class=\"e-con-inner\">\n\t\t\t\t<div class=\"elementor-shape elementor-shape-bottom\" aria-hidden=\"true\" data-negative=\"false\">\n\t\t\t<svg xmlns=\"http:\/\/www.w3.org\/2000\/svg\" viewBox=\"0 0 1000 100\" preserveAspectRatio=\"none\">\n\t<path class=\"elementor-shape-fill\" d=\"M421.9,6.5c22.6-2.5,51.5,0.4,75.5,5.3c23.6,4.9,70.9,23.5,100.5,35.7c75.8,32.2,133.7,44.5,192.6,49.7\n\tc23.6,2.1,48.7,3.5,103.4-2.5c54.7-6,106.2-25.6,106.2-25.6V0H0v30.3c0,0,72,32.6,158.4,30.5c39.2-0.7,92.8-6.7,134-22.4\n\tc21.2-8.1,52.2-18.2,79.7-24.2C399.3,7.9,411.6,7.5,421.9,6.5z\"\/>\n<\/svg>\t\t<\/div>\n\t\t<div class=\"elementor-element elementor-element-395a3cc8 e-con-full e-flex e-con e-child\" data-id=\"395a3cc8\" data-element_type=\"container\">\n\t\t\t\t<div class=\"elementor-element elementor-element-6a7be4d4 elementor-widget elementor-widget-heading\" data-id=\"6a7be4d4\" data-element_type=\"widget\" data-widget_type=\"heading.default\">\n\t\t\t\t<div class=\"elementor-widget-container\">\n\t\t\t\t\t<h1 class=\"elementor-heading-title elementor-size-default\">Politique de confidentialit\u00e9<\/h1>\t\t\t\t<\/div>\n\t\t\t\t<\/div>\n\t\t\t\t<\/div>\n\t\t\t\t\t<\/div>\n\t\t\t\t<\/div>\n\t\t<div class=\"elementor-element elementor-element-a4e66cd e-flex e-con-boxed e-con e-parent\" data-id=\"a4e66cd\" data-element_type=\"container\" data-settings=\"{&quot;background_background&quot;:&quot;classic&quot;}\">\n\t\t\t\t\t<div class=\"e-con-inner\">\n\t\t\t\t<div class=\"elementor-element elementor-element-2b77823 elementor-widget elementor-widget-heading\" data-id=\"2b77823\" data-element_type=\"widget\" data-widget_type=\"heading.default\">\n\t\t\t\t<div class=\"elementor-widget-container\">\n\t\t\t\t\t<h2 class=\"elementor-heading-title elementor-size-default\">Introduction<\/h2>\t\t\t\t<\/div>\n\t\t\t\t<\/div>\n\t\t\t\t<div class=\"elementor-element elementor-element-a0518e5 elementor-widget elementor-widget-text-editor\" data-id=\"a0518e5\" data-element_type=\"widget\" data-widget_type=\"text-editor.default\">\n\t\t\t\t<div class=\"elementor-widget-container\">\n\t\t\t\t\t\t\t\t\t<div id=\"politica\" dir=\"ltr\"><p class=\"\" data-start=\"408\" data-end=\"770\">Chez <strong data-start=\"411\" data-end=\"439\">NURACOM WIMAX MENORCA SL<\/strong>, nous prenons tr\u00e8s au s\u00e9rieux la protection des informations personnelles de nos utilisateurs et clients. Dans cette <strong data-start=\"557\" data-end=\"583\">politique de confidentialit\u00e9<\/strong>, nous expliquons comment nous recueillons, utilisons et prot\u00e9geons les donn\u00e9es personnelles que vous nous fournissez par le biais du site Web. <strong data-start=\"703\" data-end=\"721\"><a href=\"https:\/\/www.nuracom.es\" target=\"_new\" rel=\"noopener\" data-start=\"705\" data-end=\"719\">www.nuracom.es<\/a><\/strong>ainsi que les droits que vous avez sur ces donn\u00e9es. <\/p><p class=\"\" data-start=\"772\" data-end=\"876\">En utilisant notre site web ou nos services, vous acceptez les termes de la pr\u00e9sente <strong data-start=\"847\" data-end=\"873\">politique de confidentialit\u00e9<\/strong>.<\/p><\/div>\t\t\t\t\t\t\t\t<\/div>\n\t\t\t\t<\/div>\n\t\t\t\t<div class=\"elementor-element elementor-element-19f19ba elementor-widget elementor-widget-heading\" data-id=\"19f19ba\" data-element_type=\"widget\" data-widget_type=\"heading.default\">\n\t\t\t\t<div class=\"elementor-widget-container\">\n\t\t\t\t\t<h2 class=\"elementor-heading-title elementor-size-default\">  Identit\u00e9 du contr\u00f4leur des donn\u00e9es<\/h2>\t\t\t\t<\/div>\n\t\t\t\t<\/div>\n\t\t\t\t<div class=\"elementor-element elementor-element-cb87768 elementor-widget elementor-widget-text-editor\" data-id=\"cb87768\" data-element_type=\"widget\" data-widget_type=\"text-editor.default\">\n\t\t\t\t<div class=\"elementor-widget-container\">\n\t\t\t\t\t\t\t\t\t<div id=\"politica\" dir=\"ltr\"><ul><li data-start=\"935\" data-end=\"978\"><strong data-start=\"935\" data-end=\"951\">Responsable :<\/strong> NURACOM WIMAX MENORCA SL<\/li><li data-start=\"935\" data-end=\"978\"><strong data-start=\"981\" data-end=\"989\">NUM\u00c9RO DE TVA :<\/strong> B57535262<\/li><li data-start=\"935\" data-end=\"978\"><strong data-start=\"1004\" data-end=\"1025\">Adresse fiscale :<\/strong> Calle Dei\u00e0 2, 07702, Mah\u00f3n, \u00celes Bal\u00e9ares, Espagne<\/li><li data-start=\"935\" data-end=\"978\"><strong data-start=\"1081\" data-end=\"1094\">T\u00e9l\u00e9phone :<\/strong> +34 971 15 40 30<\/li><li data-start=\"935\" data-end=\"978\"><strong data-start=\"1116\" data-end=\"1139\">E-mail :<\/strong> <a href=\"mailto:info@nuracom.es\">info@nuracom.es<\/a><\/li><\/ul><\/div>\t\t\t\t\t\t\t\t<\/div>\n\t\t\t\t<\/div>\n\t\t\t\t<div class=\"elementor-element elementor-element-53a4cfa elementor-widget elementor-widget-heading\" data-id=\"53a4cfa\" data-element_type=\"widget\" data-widget_type=\"heading.default\">\n\t\t\t\t<div class=\"elementor-widget-container\">\n\t\t\t\t\t<h2 class=\"elementor-heading-title elementor-size-default\">Quelles sont les donn\u00e9es que nous recueillons ?<\/h2>\t\t\t\t<\/div>\n\t\t\t\t<\/div>\n\t\t\t\t<div class=\"elementor-element elementor-element-f6c3d8e elementor-widget elementor-widget-text-editor\" data-id=\"f6c3d8e\" data-element_type=\"widget\" data-widget_type=\"text-editor.default\">\n\t\t\t\t<div class=\"elementor-widget-container\">\n\t\t\t\t\t\t\t\t\t<div id=\"politica\" dir=\"ltr\"><p class=\"\" data-start=\"1199\" data-end=\"1253\">Les donn\u00e9es personnelles que nous pouvons collecter sont les suivantes :<\/p><ul><li data-start=\"1255\" data-end=\"1745\"><strong data-start=\"1257\" data-end=\"1282\">Donn\u00e9es d&rsquo;identification<\/strong>: nom, pr\u00e9nom, DNI\/NIE, adresse postale, e-mail et num\u00e9ro de t\u00e9l\u00e9phone.<\/li><li data-start=\"1255\" data-end=\"1745\"><strong data-start=\"1365\" data-end=\"1389\">Donn\u00e9es de facturation<\/strong>: informations fiscales et bancaires lorsque cela est n\u00e9cessaire pour la passation de contrats de services.<\/li><li data-start=\"1255\" data-end=\"1745\"><strong data-start=\"1481\" data-end=\"1504\">Donn\u00e9es de navigation<\/strong>: adresse IP, type de navigateur, syst\u00e8me d&rsquo;exploitation, heure de la visite et pages consult\u00e9es.<\/li><li data-start=\"1255\" data-end=\"1745\"><strong data-start=\"1602\" data-end=\"1627\">Donn\u00e9es de communication<\/strong>: toute information que vous fournissez lorsque vous nous contactez par le biais de formulaires ou de courriers \u00e9lectroniques.<\/li><\/ul><\/div>\t\t\t\t\t\t\t\t<\/div>\n\t\t\t\t<\/div>\n\t\t\t\t<div class=\"elementor-element elementor-element-5cd6df8 elementor-widget elementor-widget-heading\" data-id=\"5cd6df8\" data-element_type=\"widget\" data-widget_type=\"heading.default\">\n\t\t\t\t<div class=\"elementor-widget-container\">\n\t\t\t\t\t<h2 class=\"elementor-heading-title elementor-size-default\">Finalit\u00e9 du traitement des donn\u00e9es<\/h2>\t\t\t\t<\/div>\n\t\t\t\t<\/div>\n\t\t\t\t<div class=\"elementor-element elementor-element-2f29c7c elementor-widget elementor-widget-text-editor\" data-id=\"2f29c7c\" data-element_type=\"widget\" data-widget_type=\"text-editor.default\">\n\t\t\t\t<div class=\"elementor-widget-container\">\n\t\t\t\t\t\t\t\t\t<div id=\"politica\" dir=\"ltr\"><p class=\"\" data-start=\"1795\" data-end=\"1906\">Les donn\u00e9es personnelles collect\u00e9es par <strong data-start=\"1831\" data-end=\"1859\">NURACOM WIMAX MENORCA SL<\/strong> sont utilis\u00e9es aux fins suivantes :<\/p><ul><li data-start=\"1908\" data-end=\"2603\"><strong data-start=\"1911\" data-end=\"1951\">Gestion des contrats de service<\/strong>: pour fournir nos services internet (WiMAX, fibre optique, etc.), g\u00e9rer la facturation et le service \u00e0 la client\u00e8le.<\/li><li data-start=\"1908\" data-end=\"2603\"><strong data-start=\"2076\" data-end=\"2101\">Attention aux demandes<\/strong>: r\u00e9pondre aux demandes d&rsquo;informations envoy\u00e9es par le biais du site web, du courrier \u00e9lectronique ou du t\u00e9l\u00e9phone.<\/li><li data-start=\"1908\" data-end=\"2603\"><strong data-start=\"2216\" data-end=\"2254\">Am\u00e9liorer l&rsquo;exp\u00e9rience de l&rsquo;utilisateur<\/strong>: analyser l&rsquo;utilisation du site web et optimiser nos services.<\/li><li data-start=\"1908\" data-end=\"2603\"><strong data-start=\"2328\" data-end=\"2350\">Conformit\u00e9 juridique<\/strong>: pour nous conformer \u00e0 nos obligations fiscales, juridiques et r\u00e9glementaires.<\/li><li data-start=\"1908\" data-end=\"2603\"><strong data-start=\"2430\" data-end=\"2469\">Envoi de communications commerciales<\/strong> (si vous avez donn\u00e9 votre consentement pr\u00e9alable) : pour vous informer des nouveaut\u00e9s, des offres ou des promotions li\u00e9es \u00e0 nos services.<\/li><\/ul><\/div>\t\t\t\t\t\t\t\t<\/div>\n\t\t\t\t<\/div>\n\t\t\t\t<div class=\"elementor-element elementor-element-a2cc600 elementor-widget elementor-widget-heading\" data-id=\"a2cc600\" data-element_type=\"widget\" data-widget_type=\"heading.default\">\n\t\t\t\t<div class=\"elementor-widget-container\">\n\t\t\t\t\t<h2 class=\"elementor-heading-title elementor-size-default\">L\u00e9gitimation du traitement des donn\u00e9es<\/h2>\t\t\t\t<\/div>\n\t\t\t\t<\/div>\n\t\t\t\t<div class=\"elementor-element elementor-element-faa3861 elementor-widget elementor-widget-text-editor\" data-id=\"faa3861\" data-element_type=\"widget\" data-widget_type=\"text-editor.default\">\n\t\t\t\t<div class=\"elementor-widget-container\">\n\t\t\t\t\t\t\t\t\t<div id=\"politica\" dir=\"ltr\"><p class=\"\" data-start=\"2660\" data-end=\"2727\">Nous traitons vos donn\u00e9es personnelles sur les bases juridiques suivantes :<\/p><ul><li data-start=\"2729\" data-end=\"3082\"><strong data-start=\"2731\" data-end=\"2759\">Ex\u00e9cution d&rsquo;un contrat<\/strong>: lorsque vous faites appel \u00e0 nos services.<\/li><li data-start=\"2729\" data-end=\"3082\"><strong data-start=\"2802\" data-end=\"2832\">Consentement de l&rsquo;utilisateur<\/strong>: pour s&rsquo;abonner \u00e0 notre bulletin d&rsquo;information ou recevoir des informations commerciales.<\/li><li data-start=\"2729\" data-end=\"3082\"><strong data-start=\"2909\" data-end=\"2949\">Remplir une obligation l\u00e9gale<\/strong>: se conformer aux r\u00e9glementations fiscales et comptables.<\/li><li data-start=\"2729\" data-end=\"3082\"><strong data-start=\"3004\" data-end=\"3024\">Int\u00e9r\u00eat l\u00e9gitime<\/strong>: am\u00e9liorer nos services et traiter les demandes de renseignements.<\/li><\/ul><\/div>\t\t\t\t\t\t\t\t<\/div>\n\t\t\t\t<\/div>\n\t\t\t\t<div class=\"elementor-element elementor-element-51fbc70 elementor-widget elementor-widget-heading\" data-id=\"51fbc70\" data-element_type=\"widget\" data-widget_type=\"heading.default\">\n\t\t\t\t<div class=\"elementor-widget-container\">\n\t\t\t\t\t<h2 class=\"elementor-heading-title elementor-size-default\">P\u00e9riode de conservation des donn\u00e9es<\/h2>\t\t\t\t<\/div>\n\t\t\t\t<\/div>\n\t\t\t\t<div class=\"elementor-element elementor-element-76e3c9d elementor-widget elementor-widget-text-editor\" data-id=\"76e3c9d\" data-element_type=\"widget\" data-widget_type=\"text-editor.default\">\n\t\t\t\t<div class=\"elementor-widget-container\">\n\t\t\t\t\t\t\t\t\t<div id=\"politica\" dir=\"ltr\"><p class=\"\" data-start=\"3132\" data-end=\"3247\">Nous ne conserverons vos donn\u00e9es personnelles que pendant la dur\u00e9e n\u00e9cessaire \u00e0 la r\u00e9alisation des objectifs susmentionn\u00e9s :<\/p><ul><li data-start=\"3251\" data-end=\"3410\"><strong data-start=\"3251\" data-end=\"3272\">Donn\u00e9es relatives aux clients<\/strong>: Elles sont conserv\u00e9es pendant la dur\u00e9e de la relation contractuelle et, par la suite, pendant les p\u00e9riodes requises par les r\u00e9glementations fiscales et comptables.<\/li><li data-start=\"3251\" data-end=\"3410\"><strong data-start=\"3413\" data-end=\"3434\">Coordonn\u00e9es<\/strong>: elles seront supprim\u00e9es une fois que la demande aura \u00e9t\u00e9 trait\u00e9e, \u00e0 moins qu&rsquo;une relation contractuelle ne soit \u00e9tablie ou qu&rsquo;un consentement n&rsquo;ait \u00e9t\u00e9 donn\u00e9 pour recevoir des informations suppl\u00e9mentaires<strong>.<\/strong><\/li><li class=\"\" data-start=\"3411\" data-end=\"3598\"><p class=\"\" data-start=\"3413\" data-end=\"3598\"><strong data-start=\"3601\" data-end=\"3642\">Donn\u00e9es pour les communications commerciales<\/strong>: jusqu&rsquo;\u00e0 ce que l&rsquo;utilisateur demande l&rsquo;annulation ou retire son consentement.<\/p><\/li><\/ul><\/div>\t\t\t\t\t\t\t\t<\/div>\n\t\t\t\t<\/div>\n\t\t\t\t<div class=\"elementor-element elementor-element-58a708a elementor-widget elementor-widget-heading\" data-id=\"58a708a\" data-element_type=\"widget\" data-widget_type=\"heading.default\">\n\t\t\t\t<div class=\"elementor-widget-container\">\n\t\t\t\t\t<h2 class=\"elementor-heading-title elementor-size-default\">Destinataires des donn\u00e9es \u00e0 caract\u00e8re personnel<\/h2>\t\t\t\t<\/div>\n\t\t\t\t<\/div>\n\t\t\t\t<div class=\"elementor-element elementor-element-e795832 elementor-widget elementor-widget-text-editor\" data-id=\"e795832\" data-element_type=\"widget\" data-widget_type=\"text-editor.default\">\n\t\t\t\t<div class=\"elementor-widget-container\">\n\t\t\t\t\t\t\t\t\t<div id=\"politica\" dir=\"ltr\"><p class=\"\" data-start=\"3764\" data-end=\"3846\">Nous ne partageons pas vos donn\u00e9es personnelles avec des tiers, sauf dans les cas suivants :<\/p><ul><li data-start=\"3850\" data-end=\"3957\"><strong data-start=\"3850\" data-end=\"3874\">Obligations l\u00e9gales<\/strong>: aux autorit\u00e9s fiscales, judiciaires ou administratives si la loi l&rsquo;exige.<\/li><li data-start=\"3850\" data-end=\"3957\"><strong data-start=\"3960\" data-end=\"3988\">Fournisseurs de services<\/strong>: Soci\u00e9t\u00e9s qui nous aident \u00e0 g\u00e9rer le site web, la facturation ou l&rsquo;assistance technique, dans le cadre d&rsquo;accords de confidentialit\u00e9 et avec des garanties ad\u00e9quates en mati\u00e8re de protection des donn\u00e9es.<\/li><\/ul><p class=\"\" data-start=\"4158\" data-end=\"4257\">Il n&rsquo;y a pas de transferts internationaux de donn\u00e9es en dehors de l&rsquo;Espace \u00e9conomique europ\u00e9en (EEE).<\/p><\/div>\t\t\t\t\t\t\t\t<\/div>\n\t\t\t\t<\/div>\n\t\t\t\t<div class=\"elementor-element elementor-element-f1c1835 elementor-widget elementor-widget-heading\" data-id=\"f1c1835\" data-element_type=\"widget\" data-widget_type=\"heading.default\">\n\t\t\t\t<div class=\"elementor-widget-container\">\n\t\t\t\t\t<h2 class=\"elementor-heading-title elementor-size-default\">Droits de l'utilisateur<\/h2>\t\t\t\t<\/div>\n\t\t\t\t<\/div>\n\t\t\t\t<div class=\"elementor-element elementor-element-fa9241b elementor-widget elementor-widget-text-editor\" data-id=\"fa9241b\" data-element_type=\"widget\" data-widget_type=\"text-editor.default\">\n\t\t\t\t<div class=\"elementor-widget-container\">\n\t\t\t\t\t\t\t\t\t<div id=\"politica\" dir=\"ltr\"><p class=\"\" data-start=\"4293\" data-end=\"4371\">Vous avez le droit d&rsquo;exercer les droits suivants concernant vos donn\u00e9es personnelles :<\/p><ul><li data-start=\"4373\" data-end=\"5045\"><strong data-start=\"4375\" data-end=\"4396\">Droit d&rsquo;acc\u00e8s<\/strong>: pour savoir quelles donn\u00e9es nous traitons et dans quel but.<\/li><li data-start=\"4373\" data-end=\"5045\"><strong data-start=\"4450\" data-end=\"4478\">Droit de rectification<\/strong>: pour demander la correction de donn\u00e9es inexactes ou incompl\u00e8tes.<\/li><li data-start=\"4373\" data-end=\"5045\"><strong data-start=\"4542\" data-end=\"4575\">Droit \u00e0 l&rsquo;effacement (oubli)<\/strong>: Demander la suppression de vos donn\u00e9es lorsqu&rsquo;elles ne sont plus n\u00e9cessaires.<\/li><li data-start=\"4373\" data-end=\"5045\"><strong data-start=\"4645\" data-end=\"4669\">Droit d&rsquo;opposition<\/strong>: s&rsquo;opposer au traitement de vos donn\u00e9es sur la base de notre int\u00e9r\u00eat l\u00e9gitime.<\/li><li data-start=\"4373\" data-end=\"5045\"><strong data-start=\"4745\" data-end=\"4788\">Droit \u00e0 la limitation du traitement<\/strong>: restreindre l&rsquo;utilisation de vos donn\u00e9es dans certains cas.<\/li><li data-start=\"4373\" data-end=\"5045\"><strong data-start=\"4848\" data-end=\"4877\">Droit \u00e0 la portabilit\u00e9<\/strong>: demander le transfert de vos donn\u00e9es \u00e0 un autre fournisseur.<\/li><li data-start=\"4373\" data-end=\"5045\"><strong data-start=\"4936\" data-end=\"4975\">Droit de retirer son consentement<\/strong>: \u00e0 tout moment, pour l&rsquo;envoi de communications commerciales.<\/li><\/ul><p class=\"\" data-start=\"5047\" data-end=\"5110\">Pour exercer ces droits, vous pouvez nous contacter \u00e0 l&rsquo;adresse suivante :<\/p><ul><li data-start=\"5114\" data-end=\"5160\"><strong data-start=\"5114\" data-end=\"5137\">E-mail :<\/strong> <a href=\"mailto:info@nuracom.es\">info@nuracom.es<\/a><\/li><li class=\"\" data-start=\"5161\" data-end=\"5234\"><p class=\"\" data-start=\"5163\" data-end=\"5234\"><strong data-start=\"5163\" data-end=\"5181\">Adresse postale :<\/strong> Calle Dei\u00e0 2, 07702, Mah\u00f3n, \u00celes Bal\u00e9ares, Espagne<\/p><\/li><\/ul><p class=\"\" data-start=\"5236\" data-end=\"5405\">Si vous estimez que vos droits n&rsquo;ont pas \u00e9t\u00e9 correctement pris en compte, vous pouvez d\u00e9poser une plainte aupr\u00e8s de l&rsquo;<strong data-start=\"5345\" data-end=\"5402\">Agence espagnole de protection des donn\u00e9es<a href=\"http:\/\/www.aepd.es\" target=\"_new\" rel=\"noopener\" data-start=\"5388\" data-end=\"5399\">(www.aepd.es<\/a><\/strong>).<\/p><\/div>\t\t\t\t\t\t\t\t<\/div>\n\t\t\t\t<\/div>\n\t\t\t\t<div class=\"elementor-element elementor-element-f7cffc4 elementor-widget elementor-widget-heading\" data-id=\"f7cffc4\" data-element_type=\"widget\" data-widget_type=\"heading.default\">\n\t\t\t\t<div class=\"elementor-widget-container\">\n\t\t\t\t\t<h2 class=\"elementor-heading-title elementor-size-default\">S\u00e9curit\u00e9 des donn\u00e9es<\/h2>\t\t\t\t<\/div>\n\t\t\t\t<\/div>\n\t\t\t\t<div class=\"elementor-element elementor-element-6a9548e elementor-widget elementor-widget-text-editor\" data-id=\"6a9548e\" data-element_type=\"widget\" data-widget_type=\"text-editor.default\">\n\t\t\t\t<div class=\"elementor-widget-container\">\n\t\t\t\t\t\t\t\t\t<div id=\"politica\" dir=\"ltr\"><p>Chez <strong data-start=\"5446\" data-end=\"5474\">NURACOM WIMAX MENORCA SL<\/strong>, nous appliquons des mesures de s\u00e9curit\u00e9 techniques et organisationnelles pour garantir la confidentialit\u00e9 et l&rsquo;int\u00e9grit\u00e9 de vos donn\u00e9es personnelles et emp\u00eacher tout acc\u00e8s non autoris\u00e9.<\/p><\/div>\t\t\t\t\t\t\t\t<\/div>\n\t\t\t\t<\/div>\n\t\t\t\t<div class=\"elementor-element elementor-element-7831745 elementor-widget elementor-widget-heading\" data-id=\"7831745\" data-element_type=\"widget\" data-widget_type=\"heading.default\">\n\t\t\t\t<div class=\"elementor-widget-container\">\n\t\t\t\t\t<h2 class=\"elementor-heading-title elementor-size-default\">Modification de la politique de confidentialit\u00e9<\/h2>\t\t\t\t<\/div>\n\t\t\t\t<\/div>\n\t\t\t\t<div class=\"elementor-element elementor-element-0bbaa6d elementor-widget elementor-widget-text-editor\" data-id=\"0bbaa6d\" data-element_type=\"widget\" data-widget_type=\"text-editor.default\">\n\t\t\t\t<div class=\"elementor-widget-container\">\n\t\t\t\t\t\t\t\t\t<div id=\"politica\" dir=\"ltr\"><p>Nous nous r\u00e9servons le droit de modifier la pr\u00e9sente <strong data-start=\"5740\" data-end=\"5766\">politique de protection de la vie priv\u00e9e<\/strong> pour l&rsquo;adapter aux changements de l\u00e9gislation ou aux am\u00e9liorations apport\u00e9es \u00e0 nos services. Nous vous recommandons de la consulter r\u00e9guli\u00e8rement. <\/p><\/div>\t\t\t\t\t\t\t\t<\/div>\n\t\t\t\t<\/div>\n\t\t\t\t<div class=\"elementor-element elementor-element-d08a834 elementor-widget elementor-widget-heading\" data-id=\"d08a834\" data-element_type=\"widget\" data-widget_type=\"heading.default\">\n\t\t\t\t<div class=\"elementor-widget-container\">\n\t\t\t\t\t<h2 class=\"elementor-heading-title elementor-size-default\">Contact<\/h2>\t\t\t\t<\/div>\n\t\t\t\t<\/div>\n\t\t\t\t<div class=\"elementor-element elementor-element-0b8b843 elementor-widget elementor-widget-text-editor\" data-id=\"0b8b843\" data-element_type=\"widget\" data-widget_type=\"text-editor.default\">\n\t\t\t\t<div class=\"elementor-widget-container\">\n\t\t\t\t\t\t\t\t\t<div id=\"politica\" dir=\"ltr\"><p>Si vous avez des questions concernant la pr\u00e9sente <strong data-start=\"5933\" data-end=\"5959\">politique de protection de la vie priv\u00e9e<\/strong>, veuillez nous \u00e9crire \u00e0 l&rsquo;adresse suivante <a href=\"mailto:info@nuracom.es\"><strong data-start=\"5982\" data-end=\"6006\">info@nuracom.es<\/strong><\/a> ou appelez-nous au <strong data-start=\"6022\" data-end=\"6042\">+34 971 15 40 30.<\/strong><\/p><\/div>\t\t\t\t\t\t\t\t<\/div>\n\t\t\t\t<\/div>\n\t\t\t\t\t<\/div>\n\t\t\t\t<\/div>\n\t\t\t\t<\/div>\n\t\t","protected":false},"excerpt":{"rendered":"<p>Politique de confidentialit\u00e9 Introduction Chez NURACOM WIMAX MENORCA SL, nous prenons tr\u00e8s au s\u00e9rieux la protection des informations personnelles de nos utilisateurs et clients. Dans cette politique de confidentialit\u00e9, nous expliquons comment nous recueillons, utilisons et prot\u00e9geons les donn\u00e9es personnelles que vous nous fournissez par le biais du site Web. www.nuracom.esainsi que les droits que [&hellip;]<\/p>\n","protected":false},"author":2,"featured_media":0,"parent":0,"menu_order":0,"comment_status":"closed","ping_status":"open","template":"elementor_header_footer","meta":{"site-sidebar-layout":"no-sidebar","site-content-layout":"page-builder","ast-site-content-layout":"full-width-container","site-content-style":"default","site-sidebar-style":"default","ast-global-header-display":"","ast-banner-title-visibility":"","ast-main-header-display":"","ast-hfb-above-header-display":"","ast-hfb-below-header-display":"","ast-hfb-mobile-header-display":"","site-post-title":"disabled","ast-breadcrumbs-content":"","ast-featured-img":"disabled","footer-sml-layout":"","ast-disable-related-posts":"","theme-transparent-header-meta":"","adv-header-id-meta":"","stick-header-meta":"","header-above-stick-meta":"","header-main-stick-meta":"","header-below-stick-meta":"","astra-migrate-meta-layouts":"default","ast-page-background-enabled":"default","ast-page-background-meta":{"desktop":{"background-color":"","background-image":"","background-repeat":"repeat","background-position":"center center","background-size":"auto","background-attachment":"scroll","background-type":"","background-media":"","overlay-type":"","overlay-color":"","overlay-opacity":"","overlay-gradient":""},"tablet":{"background-color":"","background-image":"","background-repeat":"repeat","background-position":"center center","background-size":"auto","background-attachment":"scroll","background-type":"","background-media":"","overlay-type":"","overlay-color":"","overlay-opacity":"","overlay-gradient":""},"mobile":{"background-color":"","background-image":"","background-repeat":"repeat","background-position":"center center","background-size":"auto","background-attachment":"scroll","background-type":"","background-media":"","overlay-type":"","overlay-color":"","overlay-opacity":"","overlay-gradient":""}},"ast-content-background-meta":{"desktop":{"background-color":"var(--ast-global-color-5)","background-image":"","background-repeat":"repeat","background-position":"center center","background-size":"auto","background-attachment":"scroll","background-type":"","background-media":"","overlay-type":"","overlay-color":"","overlay-opacity":"","overlay-gradient":""},"tablet":{"background-color":"var(--ast-global-color-5)","background-image":"","background-repeat":"repeat","background-position":"center center","background-size":"auto","background-attachment":"scroll","background-type":"","background-media":"","overlay-type":"","overlay-color":"","overlay-opacity":"","overlay-gradient":""},"mobile":{"background-color":"var(--ast-global-color-5)","background-image":"","background-repeat":"repeat","background-position":"center center","background-size":"auto","background-attachment":"scroll","background-type":"","background-media":"","overlay-type":"","overlay-color":"","overlay-opacity":"","overlay-gradient":""}},"footnotes":""},"class_list":["post-2543","page","type-page","status-publish","hentry"],"_links":{"self":[{"href":"https:\/\/www.nuracom.es\/fr\/wp-json\/wp\/v2\/pages\/2543","targetHints":{"allow":["GET"]}}],"collection":[{"href":"https:\/\/www.nuracom.es\/fr\/wp-json\/wp\/v2\/pages"}],"about":[{"href":"https:\/\/www.nuracom.es\/fr\/wp-json\/wp\/v2\/types\/page"}],"author":[{"embeddable":true,"href":"https:\/\/www.nuracom.es\/fr\/wp-json\/wp\/v2\/users\/2"}],"replies":[{"embeddable":true,"href":"https:\/\/www.nuracom.es\/fr\/wp-json\/wp\/v2\/comments?post=2543"}],"version-history":[{"count":0,"href":"https:\/\/www.nuracom.es\/fr\/wp-json\/wp\/v2\/pages\/2543\/revisions"}],"wp:attachment":[{"href":"https:\/\/www.nuracom.es\/fr\/wp-json\/wp\/v2\/media?parent=2543"}],"curies":[{"name":"wp","href":"https:\/\/api.w.org\/{rel}","templated":true}]}}