{"id":2537,"date":"2025-03-19T17:26:27","date_gmt":"2025-03-19T15:26:27","guid":{"rendered":"https:\/\/www.nuracom.es\/avis-juridique\/"},"modified":"2025-04-28T10:08:57","modified_gmt":"2025-04-28T08:08:57","slug":"avis-juridique","status":"publish","type":"page","link":"https:\/\/www.nuracom.es\/fr\/avis-juridique\/","title":{"rendered":"Avis juridique"},"content":{"rendered":"\t\t<div data-elementor-type=\"wp-page\" data-elementor-id=\"2537\" class=\"elementor elementor-2537 elementor-2200\" data-elementor-post-type=\"page\">\n\t\t\t\t<div class=\"elementor-element elementor-element-3718c813 e-flex e-con-boxed e-con e-parent\" data-id=\"3718c813\" data-element_type=\"container\" data-settings=\"{&quot;shape_divider_bottom&quot;:&quot;waves&quot;}\">\n\t\t\t\t\t<div class=\"e-con-inner\">\n\t\t\t\t<div class=\"elementor-shape elementor-shape-bottom\" aria-hidden=\"true\" data-negative=\"false\">\n\t\t\t<svg xmlns=\"http:\/\/www.w3.org\/2000\/svg\" viewBox=\"0 0 1000 100\" preserveAspectRatio=\"none\">\n\t<path class=\"elementor-shape-fill\" d=\"M421.9,6.5c22.6-2.5,51.5,0.4,75.5,5.3c23.6,4.9,70.9,23.5,100.5,35.7c75.8,32.2,133.7,44.5,192.6,49.7\n\tc23.6,2.1,48.7,3.5,103.4-2.5c54.7-6,106.2-25.6,106.2-25.6V0H0v30.3c0,0,72,32.6,158.4,30.5c39.2-0.7,92.8-6.7,134-22.4\n\tc21.2-8.1,52.2-18.2,79.7-24.2C399.3,7.9,411.6,7.5,421.9,6.5z\"\/>\n<\/svg>\t\t<\/div>\n\t\t<div class=\"elementor-element elementor-element-16c3d923 e-con-full e-flex e-con e-child\" data-id=\"16c3d923\" data-element_type=\"container\">\n\t\t\t\t<div class=\"elementor-element elementor-element-6304a595 elementor-widget elementor-widget-heading\" data-id=\"6304a595\" data-element_type=\"widget\" data-widget_type=\"heading.default\">\n\t\t\t\t<div class=\"elementor-widget-container\">\n\t\t\t\t\t<h1 class=\"elementor-heading-title elementor-size-default\">AVIS JURIDIQUE<\/h1>\t\t\t\t<\/div>\n\t\t\t\t<\/div>\n\t\t\t\t<\/div>\n\t\t\t\t\t<\/div>\n\t\t\t\t<\/div>\n\t\t<div class=\"elementor-element elementor-element-71bd2e28 e-flex e-con-boxed e-con e-parent\" data-id=\"71bd2e28\" data-element_type=\"container\" data-settings=\"{&quot;background_background&quot;:&quot;classic&quot;}\">\n\t\t\t\t\t<div class=\"e-con-inner\">\n\t\t\t\t<div class=\"elementor-element elementor-element-11013edb elementor-widget elementor-widget-heading\" data-id=\"11013edb\" data-element_type=\"widget\" data-widget_type=\"heading.default\">\n\t\t\t\t<div class=\"elementor-widget-container\">\n\t\t\t\t\t<h2 class=\"elementor-heading-title elementor-size-default\">Informations g\u00e9n\u00e9rales<\/h2>\t\t\t\t<\/div>\n\t\t\t\t<\/div>\n\t\t\t\t<div class=\"elementor-element elementor-element-5ea697c4 elementor-widget elementor-widget-text-editor\" data-id=\"5ea697c4\" data-element_type=\"widget\" data-widget_type=\"text-editor.default\">\n\t\t\t\t<div class=\"elementor-widget-container\">\n\t\t\t\t\t\t\t\t\t<div id=\"politica\" dir=\"ltr\"><p class=\"\" data-start=\"251\" data-end=\"606\">Conform\u00e9ment aux dispositions de la loi 34\/2002, du 11 juillet, sur les services de la soci\u00e9t\u00e9 de l&rsquo;information et le commerce \u00e9lectronique (LSSI-CE), nous vous informons que le pr\u00e9sent site Web <strong data-start=\"441\" data-end=\"459\"><a href=\"https:\/\/www.nuracom.es\" target=\"_new\" rel=\"noopener\" data-start=\"443\" data-end=\"457\">www.nuracom.es<\/a><\/strong> est la propri\u00e9t\u00e9 de <strong data-start=\"476\" data-end=\"504\">NURACOM WIMAX MENORCA SL<\/strong>, avec CIF <strong data-start=\"514\" data-end=\"527\">B57535262<\/strong>, adresse fiscale \u00e0 <strong data-start=\"549\" data-end=\"603\">Calle Dei\u00e0 2, 07702, Mah\u00f3n, \u00celes Bal\u00e9ares, Espagne<\/strong>.<\/p><ul><li data-start=\"610\" data-end=\"654\"><strong data-start=\"610\" data-end=\"635\">Num\u00e9ro de t\u00e9l\u00e9phone de contact :<\/strong> +34 971 15 40 30<\/li><li data-start=\"610\" data-end=\"654\"><strong data-start=\"657\" data-end=\"680\">E-mail :<\/strong> <a href=\"mailto:info@nuracom.es\">info@nuracom.es<\/a><\/li><\/ul><p class=\"\" data-start=\"705\" data-end=\"855\">L&rsquo;acc\u00e8s et l&rsquo;utilisation du site web attribue la condition d&rsquo;utilisateur et implique l&rsquo;acceptation des conditions contenues dans le pr\u00e9sent <strong data-start=\"837\" data-end=\"852\">avis juridique.<\/strong><\/p><\/div>\t\t\t\t\t\t\t\t<\/div>\n\t\t\t\t<\/div>\n\t\t\t\t<div class=\"elementor-element elementor-element-1b1b3d41 elementor-widget elementor-widget-heading\" data-id=\"1b1b3d41\" data-element_type=\"widget\" data-widget_type=\"heading.default\">\n\t\t\t\t<div class=\"elementor-widget-container\">\n\t\t\t\t\t<h2 class=\"elementor-heading-title elementor-size-default\">Conditions d'utilisation<\/h2>\t\t\t\t<\/div>\n\t\t\t\t<\/div>\n\t\t\t\t<div class=\"elementor-element elementor-element-362a0aa2 elementor-widget elementor-widget-text-editor\" data-id=\"362a0aa2\" data-element_type=\"widget\" data-widget_type=\"text-editor.default\">\n\t\t\t\t<div class=\"elementor-widget-container\">\n\t\t\t\t\t\t\t\t\t<div id=\"politica\" dir=\"ltr\"><p class=\"\" data-start=\"890\" data-end=\"1146\">L&rsquo;utilisateur s&rsquo;engage \u00e0 utiliser le site Web et ses services conform\u00e9ment \u00e0 la l\u00e9gislation en vigueur, \u00e0 la bonne foi et \u00e0 l&rsquo;ordre public. Il est interdit d&rsquo;utiliser le site web \u00e0 des fins ill\u00e9gales ou susceptibles de causer des dommages \u00e0 <strong data-start=\"1102\" data-end=\"1130\">NURACOM WIMAX MENORCA SL<\/strong> ou \u00e0 des tiers. <\/p><p class=\"\" data-start=\"1148\" data-end=\"1344\"><strong data-start=\"1148\" data-end=\"1176\">NURACOM WIMAX MENORCA SL<\/strong> se r\u00e9serve le droit de modifier, \u00e0 tout moment et sans pr\u00e9avis, la pr\u00e9sentation et la configuration du site web, ainsi que les conditions d&rsquo;acc\u00e8s et d&rsquo;utilisation.<\/p><\/div>\t\t\t\t\t\t\t\t<\/div>\n\t\t\t\t<\/div>\n\t\t\t\t<div class=\"elementor-element elementor-element-29427475 elementor-widget elementor-widget-heading\" data-id=\"29427475\" data-element_type=\"widget\" data-widget_type=\"heading.default\">\n\t\t\t\t<div class=\"elementor-widget-container\">\n\t\t\t\t\t<h2 class=\"elementor-heading-title elementor-size-default\">Propri\u00e9t\u00e9 intellectuelle et industrielle<\/h2>\t\t\t\t<\/div>\n\t\t\t\t<\/div>\n\t\t\t\t<div class=\"elementor-element elementor-element-3a673c82 elementor-widget elementor-widget-text-editor\" data-id=\"3a673c82\" data-element_type=\"widget\" data-widget_type=\"text-editor.default\">\n\t\t\t\t<div class=\"elementor-widget-container\">\n\t\t\t\t\t\t\t\t\t<div id=\"politica\" dir=\"ltr\"><p class=\"\" data-start=\"1395\" data-end=\"1713\">Tous les contenus du site web <strong data-start=\"1430\" data-end=\"1448\"><a href=\"https:\/\/www.nuracom.es\" target=\"_new\" rel=\"noopener\" data-start=\"1432\" data-end=\"1446\">www.nuracom.es<\/a><\/strong>y compris les textes, les images, les logos, les dessins, les logiciels et tout autre mat\u00e9riel, sont prot\u00e9g\u00e9s par les lois sur la <strong data-start=\"1572\" data-end=\"1610\">propri\u00e9t\u00e9 intellectuelle et industrielle<\/strong> et sont la propri\u00e9t\u00e9 exclusive de <strong data-start=\"1642\" data-end=\"1670\">NURACOM WIMAX MENORCA SL<\/strong> ou de tiers ayant autoris\u00e9 leur utilisation.<\/p><p class=\"\" data-start=\"1715\" data-end=\"1915\">Il est express\u00e9ment interdit de <strong data-start=\"1747\" data-end=\"1816\">reproduire, distribuer, communiquer publiquement ou transformer<\/strong> tout contenu sans l&rsquo;autorisation \u00e9crite pr\u00e9alable de <strong data-start=\"1884\" data-end=\"1912\">NURACOM WIMAX MENORCA SL.<\/strong><\/p><\/div>\t\t\t\t\t\t\t\t<\/div>\n\t\t\t\t<\/div>\n\t\t\t\t<div class=\"elementor-element elementor-element-06b7cb9 elementor-widget elementor-widget-heading\" data-id=\"06b7cb9\" data-element_type=\"widget\" data-widget_type=\"heading.default\">\n\t\t\t\t<div class=\"elementor-widget-container\">\n\t\t\t\t\t<h2 class=\"elementor-heading-title elementor-size-default\">Responsabilit\u00e9 du contenu externe et des liens<\/h2>\t\t\t\t<\/div>\n\t\t\t\t<\/div>\n\t\t\t\t<div class=\"elementor-element elementor-element-8d3c5b4 elementor-widget elementor-widget-text-editor\" data-id=\"8d3c5b4\" data-element_type=\"widget\" data-widget_type=\"text-editor.default\">\n\t\t\t\t<div class=\"elementor-widget-container\">\n\t\t\t\t\t\t\t\t\t<div id=\"politica\" dir=\"ltr\"><p class=\"\" data-start=\"1983\" data-end=\"2241\">Le site Web peut inclure des liens vers des sites tiers afin de fournir des informations suppl\u00e9mentaires \u00e0 l&rsquo;utilisateur. <strong data-start=\"2106\" data-end=\"2134\">NURACOM WIMAX MENORCA SL<\/strong> n&rsquo;est pas responsable du contenu, des politiques de confidentialit\u00e9 ou des pratiques de ces sites externes.<\/p><p class=\"\" data-start=\"2243\" data-end=\"2540\">En outre, bien que nous nous efforcions de fournir des informations exactes et \u00e0 jour, nous ne pouvons pas garantir que le contenu de ce site web est <strong data-start=\"2383\" data-end=\"2428\">totalement exact ou exempt d&rsquo;erreurs<\/strong>, et nous ne pouvons donc pas \u00eatre tenus pour responsables des dommages r\u00e9sultant de l&rsquo;utilisation des informations publi\u00e9es.<\/p><\/div>\t\t\t\t\t\t\t\t<\/div>\n\t\t\t\t<\/div>\n\t\t\t\t<div class=\"elementor-element elementor-element-7d0fffd elementor-widget elementor-widget-heading\" data-id=\"7d0fffd\" data-element_type=\"widget\" data-widget_type=\"heading.default\">\n\t\t\t\t<div class=\"elementor-widget-container\">\n\t\t\t\t\t<h2 class=\"elementor-heading-title elementor-size-default\">Protection des donn\u00e9es personnelles<\/h2>\t\t\t\t<\/div>\n\t\t\t\t<\/div>\n\t\t\t\t<div class=\"elementor-element elementor-element-acdbdb0 elementor-widget elementor-widget-text-editor\" data-id=\"acdbdb0\" data-element_type=\"widget\" data-widget_type=\"text-editor.default\">\n\t\t\t\t<div class=\"elementor-widget-container\">\n\t\t\t\t\t\t\t\t\t<div id=\"politica\" dir=\"ltr\"><p class=\"\" data-start=\"2587\" data-end=\"2901\">Le traitement des donn\u00e9es personnelles collect\u00e9es par le biais du site web est r\u00e9gi par notre <strong data-start=\"2681\" data-end=\"2707\">Politique de confidentialit\u00e9<\/strong>, qui est conforme au <strong data-start=\"2727\" data-end=\"2788\">R\u00e8glement g\u00e9n\u00e9ral sur la protection des donn\u00e9es (RGPD) 2016\/679<\/strong> et \u00e0 la <strong data-start=\"2794\" data-end=\"2898\">Loi organique 3\/2018 sur la protection des donn\u00e9es personnelles et la garantie des droits num\u00e9riques (LOPDGDD).<\/strong><\/p><p class=\"\" data-start=\"2903\" data-end=\"3102\">L&rsquo;utilisateur peut \u00e0 tout moment exercer ses droits d&rsquo;acc\u00e8s, de rectification, de suppression et autres droits reconnus par la l\u00e9gislation en vigueur en nous contactant \u00e0 l&rsquo;adresse \u00e9lectronique suivante <a href=\"mailto:info@nuracom.es\"><strong data-start=\"3075\" data-end=\"3099\">info@nuracom.es<\/strong><\/a>.<\/p><\/div>\t\t\t\t\t\t\t\t<\/div>\n\t\t\t\t<\/div>\n\t\t\t\t<div class=\"elementor-element elementor-element-c30f4f5 elementor-widget elementor-widget-heading\" data-id=\"c30f4f5\" data-element_type=\"widget\" data-widget_type=\"heading.default\">\n\t\t\t\t<div class=\"elementor-widget-container\">\n\t\t\t\t\t<h2 class=\"elementor-heading-title elementor-size-default\">Droit applicable et juridiction\n<\/h2>\t\t\t\t<\/div>\n\t\t\t\t<\/div>\n\t\t\t\t<div class=\"elementor-element elementor-element-02cd538 elementor-widget elementor-widget-text-editor\" data-id=\"02cd538\" data-element_type=\"widget\" data-widget_type=\"text-editor.default\">\n\t\t\t\t<div class=\"elementor-widget-container\">\n\t\t\t\t\t\t\t\t\t<div id=\"politica\" dir=\"ltr\"><p class=\"\" data-start=\"1983\" data-end=\"2241\">Le pr\u00e9sent <strong data-start=\"3167\" data-end=\"3182\">avis juridique<\/strong> est r\u00e9gi par la l\u00e9gislation espagnole. En cas de litige ou de conflit dans l&rsquo;interpr\u00e9tation ou l&rsquo;application de ces conditions, les parties se soumettront aux <strong data-start=\"3350\" data-end=\"3400\">cours et tribunaux de Mah\u00f3n, \u00celes Bal\u00e9ares<\/strong>, en renon\u00e7ant express\u00e9ment \u00e0 toute autre juridiction \u00e0 laquelle elles pourraient pr\u00e9tendre. <\/p><\/div>\t\t\t\t\t\t\t\t<\/div>\n\t\t\t\t<\/div>\n\t\t\t\t<div class=\"elementor-element elementor-element-b1e70a1 elementor-widget elementor-widget-heading\" data-id=\"b1e70a1\" data-element_type=\"widget\" data-widget_type=\"heading.default\">\n\t\t\t\t<div class=\"elementor-widget-container\">\n\t\t\t\t\t<h2 class=\"elementor-heading-title elementor-size-default\">Contact<\/h2>\t\t\t\t<\/div>\n\t\t\t\t<\/div>\n\t\t\t\t<div class=\"elementor-element elementor-element-aab0498 elementor-widget elementor-widget-text-editor\" data-id=\"aab0498\" data-element_type=\"widget\" data-widget_type=\"text-editor.default\">\n\t\t\t\t<div class=\"elementor-widget-container\">\n\t\t\t\t\t\t\t\t\t<div id=\"politica\" dir=\"ltr\"><p class=\"\" data-start=\"1983\" data-end=\"2241\">En cas de doute ou de question concernant le pr\u00e9sent avis juridique, l&rsquo;utilisateur peut contacter <strong data-start=\"3597\" data-end=\"3625\">NURACOM WIMAX MENORCA SL<\/strong> par courrier \u00e9lectronique \u00e0 l&rsquo;adresse suivante <a href=\"mailto:info@nuracom.es\"><strong data-start=\"3645\" data-end=\"3669\">info@nuracom.es<\/strong><\/a> ou en appelant le num\u00e9ro de t\u00e9l\u00e9phone <a href=\"tel:+34971154030\" target=\"_blank\" rel=\"noopener\"><strong data-start=\"3693\" data-end=\"3713\">+34 971 15 40 30<\/strong><\/a>.<\/p><\/div>\t\t\t\t\t\t\t\t<\/div>\n\t\t\t\t<\/div>\n\t\t\t\t\t<\/div>\n\t\t\t\t<\/div>\n\t\t\t\t<\/div>\n\t\t","protected":false},"excerpt":{"rendered":"<p>AVIS JURIDIQUE Informations g\u00e9n\u00e9rales Conform\u00e9ment aux dispositions de la loi 34\/2002, du 11 juillet, sur les services de la soci\u00e9t\u00e9 de l&rsquo;information et le commerce \u00e9lectronique (LSSI-CE), nous vous informons que le pr\u00e9sent site Web www.nuracom.es est la propri\u00e9t\u00e9 de NURACOM WIMAX MENORCA SL, avec CIF B57535262, adresse fiscale \u00e0 Calle Dei\u00e0 2, 07702, Mah\u00f3n, [&hellip;]<\/p>\n","protected":false},"author":2,"featured_media":0,"parent":0,"menu_order":0,"comment_status":"closed","ping_status":"closed","template":"elementor_header_footer","meta":{"site-sidebar-layout":"no-sidebar","site-content-layout":"page-builder","ast-site-content-layout":"full-width-container","site-content-style":"default","site-sidebar-style":"default","ast-global-header-display":"","ast-banner-title-visibility":"","ast-main-header-display":"","ast-hfb-above-header-display":"","ast-hfb-below-header-display":"","ast-hfb-mobile-header-display":"","site-post-title":"disabled","ast-breadcrumbs-content":"","ast-featured-img":"disabled","footer-sml-layout":"","ast-disable-related-posts":"","theme-transparent-header-meta":"","adv-header-id-meta":"","stick-header-meta":"","header-above-stick-meta":"","header-main-stick-meta":"","header-below-stick-meta":"","astra-migrate-meta-layouts":"default","ast-page-background-enabled":"default","ast-page-background-meta":{"desktop":{"background-color":"","background-image":"","background-repeat":"repeat","background-position":"center center","background-size":"auto","background-attachment":"scroll","background-type":"","background-media":"","overlay-type":"","overlay-color":"","overlay-opacity":"","overlay-gradient":""},"tablet":{"background-color":"","background-image":"","background-repeat":"repeat","background-position":"center center","background-size":"auto","background-attachment":"scroll","background-type":"","background-media":"","overlay-type":"","overlay-color":"","overlay-opacity":"","overlay-gradient":""},"mobile":{"background-color":"","background-image":"","background-repeat":"repeat","background-position":"center center","background-size":"auto","background-attachment":"scroll","background-type":"","background-media":"","overlay-type":"","overlay-color":"","overlay-opacity":"","overlay-gradient":""}},"ast-content-background-meta":{"desktop":{"background-color":"var(--ast-global-color-5)","background-image":"","background-repeat":"repeat","background-position":"center center","background-size":"auto","background-attachment":"scroll","background-type":"","background-media":"","overlay-type":"","overlay-color":"","overlay-opacity":"","overlay-gradient":""},"tablet":{"background-color":"var(--ast-global-color-5)","background-image":"","background-repeat":"repeat","background-position":"center center","background-size":"auto","background-attachment":"scroll","background-type":"","background-media":"","overlay-type":"","overlay-color":"","overlay-opacity":"","overlay-gradient":""},"mobile":{"background-color":"var(--ast-global-color-5)","background-image":"","background-repeat":"repeat","background-position":"center center","background-size":"auto","background-attachment":"scroll","background-type":"","background-media":"","overlay-type":"","overlay-color":"","overlay-opacity":"","overlay-gradient":""}},"footnotes":""},"class_list":["post-2537","page","type-page","status-publish","hentry"],"_links":{"self":[{"href":"https:\/\/www.nuracom.es\/fr\/wp-json\/wp\/v2\/pages\/2537","targetHints":{"allow":["GET"]}}],"collection":[{"href":"https:\/\/www.nuracom.es\/fr\/wp-json\/wp\/v2\/pages"}],"about":[{"href":"https:\/\/www.nuracom.es\/fr\/wp-json\/wp\/v2\/types\/page"}],"author":[{"embeddable":true,"href":"https:\/\/www.nuracom.es\/fr\/wp-json\/wp\/v2\/users\/2"}],"replies":[{"embeddable":true,"href":"https:\/\/www.nuracom.es\/fr\/wp-json\/wp\/v2\/comments?post=2537"}],"version-history":[{"count":0,"href":"https:\/\/www.nuracom.es\/fr\/wp-json\/wp\/v2\/pages\/2537\/revisions"}],"wp:attachment":[{"href":"https:\/\/www.nuracom.es\/fr\/wp-json\/wp\/v2\/media?parent=2537"}],"curies":[{"name":"wp","href":"https:\/\/api.w.org\/{rel}","templated":true}]}}